{"id":2,"date":"2021-12-10T11:07:46","date_gmt":"2021-12-10T11:07:46","guid":{"rendered":"https:\/\/sopotey.com\/blog\/?page_id=2"},"modified":"2022-02-21T12:06:47","modified_gmt":"2022-02-21T12:06:47","slug":"blog","status":"publish","type":"page","link":"https:\/\/sopotey.com\/blog\/","title":{"rendered":"Blog"},"content":{"rendered":"<p>[et_pb_section fb_built=\u00bb1&#8243; custom_padding_last_edited=\u00bbon|phone\u00bb _builder_version=\u00bb4.14.2&#8243; _module_preset=\u00bbdefault\u00bb background_color=\u00bbRGBA(255,255,255,0)\u00bb use_background_color_gradient=\u00bbon\u00bb background_color_gradient_start=\u00bbrgba(0,0,0,0.1)\u00bb background_color_gradient_end=\u00bbrgba(0,0,0,0.1)\u00bb background_color_gradient_direction=\u00bb154deg\u00bb background_color_gradient_overlays_image=\u00bbon\u00bb background_enable_image=\u00bboff\u00bb parallax=\u00bbon\u00bb min_height=\u00bb100px\u00bb height=\u00bb100px\u00bb max_height=\u00bb100px\u00bb custom_margin=\u00bb||98px|||\u00bb custom_padding=\u00bb116px||116px||true|false\u00bb custom_padding_tablet=\u00bb\u00bb custom_padding_phone=\u00bb50px||50px||true|false\u00bb locked=\u00bboff\u00bb global_colors_info=\u00bb{}\u00bb][et_pb_row _builder_version=\u00bb4.14.2&#8243; _module_preset=\u00bbdefault\u00bb custom_margin=\u00bb||12px||false|false\u00bb global_colors_info=\u00bb{}\u00bb][et_pb_column type=\u00bb4_4&#8243; _builder_version=\u00bb4.9.2&#8243; _module_preset=\u00bbdefault\u00bb global_colors_info=\u00bb{}\u00bb][et_pb_text _builder_version=\u00bb4.14.2&#8243; _module_preset=\u00bbdefault\u00bb text_font=\u00bbBaskervville||||||||\u00bb text_text_color=\u00bb#FFFFFF\u00bb text_font_size=\u00bb24px\u00bb text_letter_spacing=\u00bb2px\u00bb header_font=\u00bb||||||||\u00bb header_text_color=\u00bb#FFFFFF\u00bb header_font_size=\u00bb70px\u00bb custom_margin=\u00bb-51px||-61px|||\u00bb custom_padding=\u00bb0px|||||\u00bb text_font_size_tablet=\u00bb\u00bb text_font_size_phone=\u00bb14px\u00bb text_font_size_last_edited=\u00bbon|phone\u00bb header_font_size_tablet=\u00bb\u00bb header_font_size_phone=\u00bb40px\u00bb header_font_size_last_edited=\u00bbon|phone\u00bb locked=\u00bboff\u00bb global_colors_info=\u00bb{}\u00bb]<\/p>\n<h1><span style=\"color: #292929; font-size: 70px;\">Blog<\/span><\/h1>\n<p>[\/et_pb_text][\/et_pb_column][\/et_pb_row][\/et_pb_section][et_pb_section fb_built=\u00bb1&#8243; _builder_version=\u00bb4.10.6&#8243; _module_preset=\u00bbdefault\u00bb global_colors_info=\u00bb{}\u00bb][et_pb_row _builder_version=\u00bb4.10.6&#8243; _module_preset=\u00bbdefault\u00bb global_colors_info=\u00bb{}\u00bb][et_pb_column type=\u00bb4_4&#8243; _builder_version=\u00bb4.10.6&#8243; _module_preset=\u00bbdefault\u00bb global_colors_info=\u00bb{}\u00bb][et_pb_blog fullwidth=\u00bboff\u00bb posts_number=\u00bb12&#8243; include_categories=\u00bball\u00bb show_more=\u00bbon\u00bb show_author=\u00bboff\u00bb use_overlay=\u00bbon\u00bb overlay_icon_color=\u00bb#FFFFFF\u00bb hover_overlay_color=\u00bbrgba(0,0,0,0.41)\u00bb _builder_version=\u00bb4.10.6&#8243; _module_preset=\u00bbdefault\u00bb header_font=\u00bb|700|||||||\u00bb header_text_color=\u00bb#333333&#8243; header_font_size=\u00bb20px\u00bb body_font=\u00bb|300|||||||\u00bb read_more_font=\u00bb|600|||||||\u00bb read_more_text_color=\u00bb#333333&#8243; global_colors_info=\u00bb{}\u00bb][\/et_pb_blog][\/et_pb_column][\/et_pb_row][\/et_pb_section]<\/p>\n","protected":false},"excerpt":{"rendered":"<p>Blog<\/p>\n","protected":false},"author":1,"featured_media":0,"parent":0,"menu_order":0,"comment_status":"closed","ping_status":"closed","template":"","meta":{"_et_pb_use_builder":"on","_et_pb_old_content":"<!-- wp:paragraph -->\r\n<p>Esta es una p\u00e1gina de ejemplo. Es diferente a una entrada del blog porque permanecer\u00e1 en un solo lugar y aparecer\u00e1 en la navegaci\u00f3n de tu sitio (en la mayor\u00eda de los temas). La mayor\u00eda de las personas comienzan con una p\u00e1gina \u00abAcerca de\u00bb que les presenta a los visitantes potenciales del sitio. Podr\u00edas decir algo as\u00ed:<\/p>\r\n<!-- \/wp:paragraph -->\r\n\r\n<!-- wp:quote -->\r\n<blockquote class=\"wp-block-quote\"><p>\u00a1Bienvenido! Soy camarero de d\u00eda, aspirante a actor de noche y esta es mi web. Vivo en Mairena del Alcor, tengo un perro que se llama Firulais y me gusta el rebujito. (Y las tardes largas con caf\u00e9).<\/p><\/blockquote>\r\n<!-- \/wp:quote -->\r\n\r\n<!-- wp:paragraph -->\r\n<p>\u2026o algo as\u00ed:<\/p>\r\n<!-- \/wp:paragraph -->\r\n\r\n<!-- wp:quote -->\r\n<blockquote class=\"wp-block-quote\"><p>La empresa \u00abMariscos Recio\u00bb fue fundada por Antonio Recio Mata. Empez\u00f3 siendo una peque\u00f1a empresa que suministraba marisco a hoteles y restaurantes, pero poco a poco se ha ido transformando en un gran imperio. Mariscos Recio, el mar al mejor precio.<\/p><\/blockquote>\r\n<!-- \/wp:quote -->\r\n\r\n<!-- wp:paragraph -->\r\n<p>Como nuevo usuario de WordPress, deber\u00edas ir a <a href=\"https:\/\/sopotey.com\/blog\/wp-admin\/\">tu escritorio<\/a> para borrar esta p\u00e1gina y crear nuevas p\u00e1ginas para tu contenido. \u00a1P\u00e1salo bien!<\/p>\r\n<!-- \/wp:paragraph -->","_et_gb_content_width":"","footnotes":""},"class_list":["post-2","page","type-page","status-publish","hentry"],"yoast_head":"<!-- This site is optimized with the Yoast SEO plugin v24.9 - https:\/\/yoast.com\/wordpress\/plugins\/seo\/ -->\n<title>Blog | Blog Sopotey<\/title>\n<meta name=\"description\" content=\"En el blog de Sopotey podr\u00e1s encontrar posts de moda para estar siempre al d\u00eda de las novedades del sector y de las marcas con las que trabajamos \ud83d\udc57\" \/>\n<meta name=\"robots\" content=\"index, follow, max-snippet:-1, max-image-preview:large, max-video-preview:-1\" \/>\n<link rel=\"canonical\" href=\"https:\/\/sopotey.com\/blog\/\" \/>\n<meta property=\"og:locale\" content=\"es_ES\" \/>\n<meta property=\"og:type\" content=\"article\" \/>\n<meta property=\"og:title\" content=\"Blog | Blog Sopotey\" \/>\n<meta property=\"og:description\" content=\"En el blog de Sopotey podr\u00e1s encontrar posts de moda para estar siempre al d\u00eda de las novedades del sector y de las marcas con las que trabajamos \ud83d\udc57\" \/>\n<meta property=\"og:url\" content=\"https:\/\/sopotey.com\/blog\/\" \/>\n<meta property=\"og:site_name\" content=\"Blog Sopotey\" \/>\n<meta property=\"article:modified_time\" content=\"2022-02-21T12:06:47+00:00\" \/>\n<meta name=\"twitter:card\" content=\"summary_large_image\" \/>\n<meta name=\"twitter:label1\" content=\"Tiempo de lectura\" \/>\n\t<meta name=\"twitter:data1\" content=\"2 minutos\" \/>\n<script type=\"application\/ld+json\" class=\"yoast-schema-graph\">{\"@context\":\"https:\/\/schema.org\",\"@graph\":[{\"@type\":\"WebPage\",\"@id\":\"https:\/\/sopotey.com\/blog\/\",\"url\":\"https:\/\/sopotey.com\/blog\/\",\"name\":\"Blog | Blog Sopotey\",\"isPartOf\":{\"@id\":\"https:\/\/sopotey.com\/blog\/#website\"},\"datePublished\":\"2021-12-10T11:07:46+00:00\",\"dateModified\":\"2022-02-21T12:06:47+00:00\",\"description\":\"En el blog de Sopotey podr\u00e1s encontrar posts de moda para estar siempre al d\u00eda de las novedades del sector y de las marcas con las que trabajamos \ud83d\udc57\",\"breadcrumb\":{\"@id\":\"https:\/\/sopotey.com\/blog\/#breadcrumb\"},\"inLanguage\":\"es\",\"potentialAction\":[{\"@type\":\"ReadAction\",\"target\":[\"https:\/\/sopotey.com\/blog\/\"]}]},{\"@type\":\"BreadcrumbList\",\"@id\":\"https:\/\/sopotey.com\/blog\/#breadcrumb\",\"itemListElement\":[{\"@type\":\"ListItem\",\"position\":1,\"name\":\"Blog Sopotey\",\"item\":\"https:\/\/sopotey.com\/blog\/\"},{\"@type\":\"ListItem\",\"position\":2,\"name\":\"Blog\"}]},{\"@type\":\"WebSite\",\"@id\":\"https:\/\/sopotey.com\/blog\/#website\",\"url\":\"https:\/\/sopotey.com\/blog\/\",\"name\":\"Blog Sopotey\",\"description\":\"Sopotey Woman\",\"publisher\":{\"@id\":\"https:\/\/sopotey.com\/blog\/#organization\"},\"potentialAction\":[{\"@type\":\"SearchAction\",\"target\":{\"@type\":\"EntryPoint\",\"urlTemplate\":\"https:\/\/sopotey.com\/blog\/?s={search_term_string}\"},\"query-input\":{\"@type\":\"PropertyValueSpecification\",\"valueRequired\":true,\"valueName\":\"search_term_string\"}}],\"inLanguage\":\"es\"},{\"@type\":\"Organization\",\"@id\":\"https:\/\/sopotey.com\/blog\/#organization\",\"name\":\"Sopotey\",\"url\":\"https:\/\/sopotey.com\/blog\/\",\"logo\":{\"@type\":\"ImageObject\",\"inLanguage\":\"es\",\"@id\":\"https:\/\/sopotey.com\/blog\/#\/schema\/logo\/image\/\",\"url\":\"https:\/\/sopotey.com\/blog\/wp-content\/uploads\/2021\/12\/shop-logo-1547053429.jpeg\",\"contentUrl\":\"https:\/\/sopotey.com\/blog\/wp-content\/uploads\/2021\/12\/shop-logo-1547053429.jpeg\",\"width\":418,\"height\":146,\"caption\":\"Sopotey\"},\"image\":{\"@id\":\"https:\/\/sopotey.com\/blog\/#\/schema\/logo\/image\/\"}}]}<\/script>\n<!-- \/ Yoast SEO plugin. -->","yoast_head_json":{"title":"Blog | Blog Sopotey","description":"En el blog de Sopotey podr\u00e1s encontrar posts de moda para estar siempre al d\u00eda de las novedades del sector y de las marcas con las que trabajamos \ud83d\udc57","robots":{"index":"index","follow":"follow","max-snippet":"max-snippet:-1","max-image-preview":"max-image-preview:large","max-video-preview":"max-video-preview:-1"},"canonical":"https:\/\/sopotey.com\/blog\/","og_locale":"es_ES","og_type":"article","og_title":"Blog | Blog Sopotey","og_description":"En el blog de Sopotey podr\u00e1s encontrar posts de moda para estar siempre al d\u00eda de las novedades del sector y de las marcas con las que trabajamos \ud83d\udc57","og_url":"https:\/\/sopotey.com\/blog\/","og_site_name":"Blog Sopotey","article_modified_time":"2022-02-21T12:06:47+00:00","twitter_card":"summary_large_image","twitter_misc":{"Tiempo de lectura":"2 minutos"},"schema":{"@context":"https:\/\/schema.org","@graph":[{"@type":"WebPage","@id":"https:\/\/sopotey.com\/blog\/","url":"https:\/\/sopotey.com\/blog\/","name":"Blog | Blog Sopotey","isPartOf":{"@id":"https:\/\/sopotey.com\/blog\/#website"},"datePublished":"2021-12-10T11:07:46+00:00","dateModified":"2022-02-21T12:06:47+00:00","description":"En el blog de Sopotey podr\u00e1s encontrar posts de moda para estar siempre al d\u00eda de las novedades del sector y de las marcas con las que trabajamos \ud83d\udc57","breadcrumb":{"@id":"https:\/\/sopotey.com\/blog\/#breadcrumb"},"inLanguage":"es","potentialAction":[{"@type":"ReadAction","target":["https:\/\/sopotey.com\/blog\/"]}]},{"@type":"BreadcrumbList","@id":"https:\/\/sopotey.com\/blog\/#breadcrumb","itemListElement":[{"@type":"ListItem","position":1,"name":"Blog Sopotey","item":"https:\/\/sopotey.com\/blog\/"},{"@type":"ListItem","position":2,"name":"Blog"}]},{"@type":"WebSite","@id":"https:\/\/sopotey.com\/blog\/#website","url":"https:\/\/sopotey.com\/blog\/","name":"Blog Sopotey","description":"Sopotey Woman","publisher":{"@id":"https:\/\/sopotey.com\/blog\/#organization"},"potentialAction":[{"@type":"SearchAction","target":{"@type":"EntryPoint","urlTemplate":"https:\/\/sopotey.com\/blog\/?s={search_term_string}"},"query-input":{"@type":"PropertyValueSpecification","valueRequired":true,"valueName":"search_term_string"}}],"inLanguage":"es"},{"@type":"Organization","@id":"https:\/\/sopotey.com\/blog\/#organization","name":"Sopotey","url":"https:\/\/sopotey.com\/blog\/","logo":{"@type":"ImageObject","inLanguage":"es","@id":"https:\/\/sopotey.com\/blog\/#\/schema\/logo\/image\/","url":"https:\/\/sopotey.com\/blog\/wp-content\/uploads\/2021\/12\/shop-logo-1547053429.jpeg","contentUrl":"https:\/\/sopotey.com\/blog\/wp-content\/uploads\/2021\/12\/shop-logo-1547053429.jpeg","width":418,"height":146,"caption":"Sopotey"},"image":{"@id":"https:\/\/sopotey.com\/blog\/#\/schema\/logo\/image\/"}}]}},"_links":{"self":[{"href":"https:\/\/sopotey.com\/blog\/wp-json\/wp\/v2\/pages\/2","targetHints":{"allow":["GET"]}}],"collection":[{"href":"https:\/\/sopotey.com\/blog\/wp-json\/wp\/v2\/pages"}],"about":[{"href":"https:\/\/sopotey.com\/blog\/wp-json\/wp\/v2\/types\/page"}],"author":[{"embeddable":true,"href":"https:\/\/sopotey.com\/blog\/wp-json\/wp\/v2\/users\/1"}],"replies":[{"embeddable":true,"href":"https:\/\/sopotey.com\/blog\/wp-json\/wp\/v2\/comments?post=2"}],"version-history":[{"count":8,"href":"https:\/\/sopotey.com\/blog\/wp-json\/wp\/v2\/pages\/2\/revisions"}],"predecessor-version":[{"id":228,"href":"https:\/\/sopotey.com\/blog\/wp-json\/wp\/v2\/pages\/2\/revisions\/228"}],"wp:attachment":[{"href":"https:\/\/sopotey.com\/blog\/wp-json\/wp\/v2\/media?parent=2"}],"curies":[{"name":"wp","href":"https:\/\/api.w.org\/{rel}","templated":true}]}}